{"id":393,"date":"2017-12-07T15:12:37","date_gmt":"2017-12-07T14:12:37","guid":{"rendered":"http:\/\/themedemos.webmandesign.eu\/modern-new\/?page_id=393"},"modified":"2019-07-28T18:13:46","modified_gmt":"2019-07-28T21:13:46","slug":"donate","status":"publish","type":"page","link":"http:\/\/estudiojuridicogogniat.com\/cms\/sample-page\/donate\/","title":{"rendered":"Desea contactarnos?"},"content":{"rendered":"<p>Puede hacerlo personalmente en nuestras oficinas de Paran\u00e1 o Santa F\u00e9.<\/p>\n<p>O quiz\u00e1s considere hacerlo telef\u00f3nicamente o por redes sociales?<\/p>\n<p><a class=\"button\" href=\"https:\/\/www.facebook.com\/\">Facebook \u00bb<\/a> &nbsp;&nbsp;|&nbsp;&nbsp; <a class=\"button\" href=\"https:\/\/www.instagram.com\/\">Instagram \u00bb<\/a><\/p>\n<p class=\"h1 weight-300 display-2\">Gracias!<\/p>\n","protected":false},"excerpt":{"rendered":"<div class=\"entry-summary\">\nPuede hacerlo personalmente en nuestras oficinas de Paran\u00e1 o Santa F\u00e9. O quiz\u00e1s considere hacerlo telef\u00f3nicamente o por redes sociales?&hellip;\n<\/div>\n<div class=\"link-more\"><a href=\"http:\/\/estudiojuridicogogniat.com\/cms\/sample-page\/donate\/\" class=\"more-link\">Continuar leyendo<span class=\"screen-reader-text\"> &ldquo;Desea contactarnos?&rdquo;<\/span>&hellip;<\/a><\/div>\n","protected":false},"author":1,"featured_media":549,"parent":2,"menu_order":0,"comment_status":"closed","ping_status":"closed","template":"","meta":{"_coblocks_attr":"","_coblocks_dimensions":"","_coblocks_responsive_height":"","_coblocks_accordion_ie_support":"","footnotes":""},"class_list":["post-393","page","type-page","status-publish","has-post-thumbnail","hentry","entry","is-featured"],"_links":{"self":[{"href":"http:\/\/estudiojuridicogogniat.com\/cms\/wp-json\/wp\/v2\/pages\/393","targetHints":{"allow":["GET"]}}],"collection":[{"href":"http:\/\/estudiojuridicogogniat.com\/cms\/wp-json\/wp\/v2\/pages"}],"about":[{"href":"http:\/\/estudiojuridicogogniat.com\/cms\/wp-json\/wp\/v2\/types\/page"}],"author":[{"embeddable":true,"href":"http:\/\/estudiojuridicogogniat.com\/cms\/wp-json\/wp\/v2\/users\/1"}],"replies":[{"embeddable":true,"href":"http:\/\/estudiojuridicogogniat.com\/cms\/wp-json\/wp\/v2\/comments?post=393"}],"version-history":[{"count":6,"href":"http:\/\/estudiojuridicogogniat.com\/cms\/wp-json\/wp\/v2\/pages\/393\/revisions"}],"predecessor-version":[{"id":554,"href":"http:\/\/estudiojuridicogogniat.com\/cms\/wp-json\/wp\/v2\/pages\/393\/revisions\/554"}],"up":[{"embeddable":true,"href":"http:\/\/estudiojuridicogogniat.com\/cms\/wp-json\/wp\/v2\/pages\/2"}],"wp:featuredmedia":[{"embeddable":true,"href":"http:\/\/estudiojuridicogogniat.com\/cms\/wp-json\/wp\/v2\/media\/549"}],"wp:attachment":[{"href":"http:\/\/estudiojuridicogogniat.com\/cms\/wp-json\/wp\/v2\/media?parent=393"}],"curies":[{"name":"wp","href":"https:\/\/api.w.org\/{rel}","templated":true}]}}